{"id":565,"date":"2022-07-03T19:30:15","date_gmt":"2022-07-03T19:30:15","guid":{"rendered":"https:\/\/festadobrasil.at\/?page_id=565"},"modified":"2025-11-14T11:47:31","modified_gmt":"2025-11-14T11:47:31","slug":"christkindlmarkt-salzburg","status":"publish","type":"page","link":"https:\/\/festadobrasil.at\/?page_id=565","title":{"rendered":"Christkindlmarkt"},"content":{"rendered":"\n<style type=\"text\/css\" data-created_by=\"avia_inline_auto\" id=\"style-css-av-2aisq-725a06065fd9cc0b958f522e7c588fb1\">\n.avia-section.av-2aisq-725a06065fd9cc0b958f522e7c588fb1{\nbackground-color:#eded07;\nbackground-repeat:no-repeat;\nbackground-image:url(https:\/\/festadobrasil.at\/wp-content\/uploads\/2022\/07\/003_Flag_Mexico_triangle-01.jpg);\nbackground-position:50% 0%;\nbackground-attachment:scroll;\n}\n<\/style>\n<div id='av_section_1'  class='avia-section av-2aisq-725a06065fd9cc0b958f522e7c588fb1 main_color avia-section-huge avia-no-border-styling  avia-builder-el-0  el_before_av_one_third  avia-builder-el-first  avia-full-stretch avia-bg-style-scroll  container_wrap fullsize'  data-section-bg-repeat='stretch'><div class='container av-section-cont-open' ><main  role=\"main\" itemprop=\"mainContentOfPage\"  class='template-page content  av-content-full alpha units'><div class='post-entry post-entry-type-page post-entry-565'><div class='entry-content-wrapper clearfix'>\n\n<style type=\"text\/css\" data-created_by=\"avia_inline_auto\" id=\"style-css-av-q68y-8c2ccb5d529e8cca539a075f54f32e97\">\n#top .av-special-heading.av-q68y-8c2ccb5d529e8cca539a075f54f32e97{\npadding-bottom:10px;\ncolor:#ffffff;\nfont-size:40px;\n}\n.av-special-heading.av-q68y-8c2ccb5d529e8cca539a075f54f32e97 .special-heading-inner-border{\nborder-color:#ffffff;\n}\n<\/style>\n<div  class='av-special-heading av-q68y-8c2ccb5d529e8cca539a075f54f32e97 av-special-heading-h1 custom-color-heading blockquote modern-quote  avia-builder-el-1  avia-builder-el-no-sibling  av-inherit-size '><h1 class='av-special-heading-tag '  itemprop=\"headline\"  >CHRISTKINDKLMARKT SALZBURG <\/h1><div class='special-heading-border'><div class='special-heading-inner-border'><\/div><\/div><\/div>\n<\/div><\/div><\/main><!-- close content main element --><\/div><\/div><div id='after_section_1'  class='main_color av_default_container_wrap container_wrap fullsize'  ><div class='container av-section-cont-open' ><div class='template-page content  av-content-full alpha units'><div class='post-entry post-entry-type-page post-entry-565'><div class='entry-content-wrapper clearfix'>\n<div class='flex_column av-1k81e-14876444f260fc8cde69e1e088c6fbd4 av_one_third  avia-builder-el-2  el_after_av_section  el_before_av_one_third  avia-builder-el-first  first flex_column_div '   ><style type=\"text\/css\" data-created_by=\"avia_inline_auto\" id=\"style-css-av-7yuia-0f1af40373963912c2d5ae48cbdebfb2\">\n.avia-image-container.av-7yuia-0f1af40373963912c2d5ae48cbdebfb2 .av-image-caption-overlay-center{\ncolor:#ffffff;\n}\n<\/style>\n<div  class='avia-image-container av-7yuia-0f1af40373963912c2d5ae48cbdebfb2 av-styling- avia-align-center  avia-builder-el-3  avia-builder-el-no-sibling  '  itemprop=\"image\" itemscope=\"itemscope\" itemtype=\"https:\/\/schema.org\/ImageObject\" ><div class=\"avia-image-container-inner\"><div class=\"avia-image-overlay-wrap\"><img decoding=\"async\" class='wp-image-673 avia-img-lazy-loading-not-673 avia_image' src=\"https:\/\/festadobrasil.at\/wp-content\/uploads\/2022\/07\/banner_gluehwein_hoch-1-495x400.jpg\" alt='' title='alle_Banner_Festadobrasil_hoch'  height=\"400\" width=\"495\"  itemprop=\"thumbnailUrl\" srcset=\"https:\/\/festadobrasil.at\/wp-content\/uploads\/2022\/07\/banner_gluehwein_hoch-1-495x400.jpg 495w, https:\/\/festadobrasil.at\/wp-content\/uploads\/2022\/07\/banner_gluehwein_hoch-1-845x684.jpg 845w\" sizes=\"(max-width: 495px) 100vw, 495px\" \/><\/div><\/div><\/div><\/div>\n<div class='flex_column av-6rxat-73911bfd69836afe81aac7b2804138d5 av_one_third  avia-builder-el-4  el_after_av_one_third  el_before_av_one_third  flex_column_div '   ><style type=\"text\/css\" data-created_by=\"avia_inline_auto\" id=\"style-css-av-l9b9yxv1-bc2475888ceab1f8aaafbed214c08129\">\n.avia-image-container.av-l9b9yxv1-bc2475888ceab1f8aaafbed214c08129 .av-image-caption-overlay-center{\ncolor:#ffffff;\n}\n<\/style>\n<div  class='avia-image-container av-l9b9yxv1-bc2475888ceab1f8aaafbed214c08129 av-styling- avia-align-center  avia-builder-el-5  avia-builder-el-no-sibling  '  itemprop=\"image\" itemscope=\"itemscope\" itemtype=\"https:\/\/schema.org\/ImageObject\" ><div class=\"avia-image-container-inner\"><div class=\"avia-image-overlay-wrap\"><img decoding=\"async\" class='wp-image-742 avia-img-lazy-loading-not-742 avia_image' src=\"https:\/\/festadobrasil.at\/wp-content\/uploads\/2022\/10\/Christkindlmarkt_Nikolaus-495x400.jpg\" alt='' title='Christkindlmarkt_Nikolaus'  height=\"400\" width=\"495\"  itemprop=\"thumbnailUrl\" srcset=\"https:\/\/festadobrasil.at\/wp-content\/uploads\/2022\/10\/Christkindlmarkt_Nikolaus-495x400.jpg 495w, https:\/\/festadobrasil.at\/wp-content\/uploads\/2022\/10\/Christkindlmarkt_Nikolaus-845x684.jpg 845w\" sizes=\"(max-width: 495px) 100vw, 495px\" \/><\/div><\/div><\/div><\/div>\n<div class='flex_column av-av_one_third-d06667205e6186ec8414c6eb7605d406 av_one_third  avia-builder-el-6  el_after_av_one_third  el_before_av_three_fourth  flex_column_div '   ><style type=\"text\/css\" data-created_by=\"avia_inline_auto\" id=\"style-css-av-mhysldpf-b675949bd384f78bf7fed2bb795b0207\">\n.avia-image-container.av-mhysldpf-b675949bd384f78bf7fed2bb795b0207 .av-image-caption-overlay-center{\ncolor:#ffffff;\n}\n<\/style>\n<div  class='avia-image-container av-mhysldpf-b675949bd384f78bf7fed2bb795b0207 av-styling- avia-align-center  avia-builder-el-7  avia-builder-el-no-sibling  '  itemprop=\"image\" itemscope=\"itemscope\" itemtype=\"https:\/\/schema.org\/ImageObject\" ><div class=\"avia-image-container-inner\"><div class=\"avia-image-overlay-wrap\"><img decoding=\"async\" class='wp-image-808 avia-img-lazy-loading-not-808 avia_image' src=\"https:\/\/festadobrasil.at\/wp-content\/uploads\/2025\/11\/2d83828d-d4a4-4b4a-8dc2-1ede7d72e975-495x400.jpg\" alt='' title='2d83828d-d4a4-4b4a-8dc2-1ede7d72e975'  height=\"400\" width=\"495\"  itemprop=\"thumbnailUrl\" srcset=\"https:\/\/festadobrasil.at\/wp-content\/uploads\/2025\/11\/2d83828d-d4a4-4b4a-8dc2-1ede7d72e975-495x400.jpg 495w, https:\/\/festadobrasil.at\/wp-content\/uploads\/2025\/11\/2d83828d-d4a4-4b4a-8dc2-1ede7d72e975-845x684.jpg 845w\" sizes=\"(max-width: 495px) 100vw, 495px\" \/><\/div><\/div><\/div><\/div><div class='flex_column av-980a2-b4205decb65b03ecb9983e83f8982447 av_three_fourth  avia-builder-el-8  el_after_av_one_third  avia-builder-el-last  first flex_column_div column-top-margin'   ><section  class='av_textblock_section av-1w4mve-4f3bc0e3ea7664f325d9c7c79821da18 '  itemscope=\"itemscope\" itemtype=\"https:\/\/schema.org\/CreativeWork\" ><div class='avia_textblock '  itemprop=\"text\" ><p>Jedes Jahr im Dezember betreibt Arco Latino einen Benefizstand am Salzburger Christkindlmarkt am Alten Markt. Mit K\u00f6stlichkeiten aus Lateinamerika wie zB Mango-Punsch und Hot Caipirinha wird ein ansehnlicher Eurobetrag als Reinerl\u00f6s f\u00fcr unsere Hilfsprojekte in Lateinamerika lukriert. Gleichzeitig erhalten die, haupts\u00e4chlich aus Lateinamerika stammenden Mitarbeiter eine Aufwandsentsch\u00e4digung und k\u00f6nnen somit zus\u00e4tzlich ihr Weihnachtsbudget etwas aufbessern.<\/p>\n<\/div><\/section><\/div><\/p>\n","protected":false},"excerpt":{"rendered":"","protected":false},"author":1,"featured_media":0,"parent":0,"menu_order":0,"comment_status":"open","ping_status":"open","template":"","meta":{"footnotes":""},"class_list":["post-565","page","type-page","status-publish","hentry"],"yoast_head":"<!-- This site is optimized with the Yoast SEO plugin v26.3 - https:\/\/yoast.com\/wordpress\/plugins\/seo\/ -->\n<title>Christkindlmarkt - Festa do Brasil &amp; Arco Latino<\/title>\n<meta name=\"robots\" content=\"index, follow, max-snippet:-1, max-image-preview:large, max-video-preview:-1\" \/>\n<link rel=\"canonical\" href=\"https:\/\/festadobrasil.at\/?page_id=565\" \/>\n<meta property=\"og:locale\" content=\"de_DE\" \/>\n<meta property=\"og:type\" content=\"article\" \/>\n<meta property=\"og:title\" content=\"Christkindlmarkt - Festa do Brasil &amp; Arco Latino\" \/>\n<meta property=\"og:url\" content=\"https:\/\/festadobrasil.at\/?page_id=565\" \/>\n<meta property=\"og:site_name\" content=\"Festa do Brasil &amp; Arco Latino\" \/>\n<meta property=\"article:modified_time\" content=\"2025-11-14T11:47:31+00:00\" \/>\n<meta name=\"twitter:card\" content=\"summary_large_image\" \/>\n<meta name=\"twitter:label1\" content=\"Gesch\u00e4tzte Lesezeit\" \/>\n\t<meta name=\"twitter:data1\" content=\"2\u00a0Minuten\" \/>\n<script type=\"application\/ld+json\" class=\"yoast-schema-graph\">{\"@context\":\"https:\/\/schema.org\",\"@graph\":[{\"@type\":\"WebPage\",\"@id\":\"https:\/\/festadobrasil.at\/?page_id=565\",\"url\":\"https:\/\/festadobrasil.at\/?page_id=565\",\"name\":\"Christkindlmarkt - Festa do Brasil &amp; Arco Latino\",\"isPartOf\":{\"@id\":\"https:\/\/festadobrasil.at\/#website\"},\"datePublished\":\"2022-07-03T19:30:15+00:00\",\"dateModified\":\"2025-11-14T11:47:31+00:00\",\"breadcrumb\":{\"@id\":\"https:\/\/festadobrasil.at\/?page_id=565#breadcrumb\"},\"inLanguage\":\"de\",\"potentialAction\":[{\"@type\":\"ReadAction\",\"target\":[\"https:\/\/festadobrasil.at\/?page_id=565\"]}]},{\"@type\":\"BreadcrumbList\",\"@id\":\"https:\/\/festadobrasil.at\/?page_id=565#breadcrumb\",\"itemListElement\":[{\"@type\":\"ListItem\",\"position\":1,\"name\":\"Startseite\",\"item\":\"https:\/\/festadobrasil.at\/?page_id=558\"},{\"@type\":\"ListItem\",\"position\":2,\"name\":\"Christkindlmarkt\"}]},{\"@type\":\"WebSite\",\"@id\":\"https:\/\/festadobrasil.at\/#website\",\"url\":\"https:\/\/festadobrasil.at\/\",\"name\":\"Festa do Brasil &amp; Arco Latino\",\"description\":\"Das Fest und der Verein\",\"potentialAction\":[{\"@type\":\"SearchAction\",\"target\":{\"@type\":\"EntryPoint\",\"urlTemplate\":\"https:\/\/festadobrasil.at\/?s={search_term_string}\"},\"query-input\":{\"@type\":\"PropertyValueSpecification\",\"valueRequired\":true,\"valueName\":\"search_term_string\"}}],\"inLanguage\":\"de\"}]}<\/script>\n<!-- \/ Yoast SEO plugin. -->","yoast_head_json":{"title":"Christkindlmarkt - Festa do Brasil &amp; Arco Latino","robots":{"index":"index","follow":"follow","max-snippet":"max-snippet:-1","max-image-preview":"max-image-preview:large","max-video-preview":"max-video-preview:-1"},"canonical":"https:\/\/festadobrasil.at\/?page_id=565","og_locale":"de_DE","og_type":"article","og_title":"Christkindlmarkt - Festa do Brasil &amp; Arco Latino","og_url":"https:\/\/festadobrasil.at\/?page_id=565","og_site_name":"Festa do Brasil &amp; Arco Latino","article_modified_time":"2025-11-14T11:47:31+00:00","twitter_card":"summary_large_image","twitter_misc":{"Gesch\u00e4tzte Lesezeit":"2\u00a0Minuten"},"schema":{"@context":"https:\/\/schema.org","@graph":[{"@type":"WebPage","@id":"https:\/\/festadobrasil.at\/?page_id=565","url":"https:\/\/festadobrasil.at\/?page_id=565","name":"Christkindlmarkt - Festa do Brasil &amp; Arco Latino","isPartOf":{"@id":"https:\/\/festadobrasil.at\/#website"},"datePublished":"2022-07-03T19:30:15+00:00","dateModified":"2025-11-14T11:47:31+00:00","breadcrumb":{"@id":"https:\/\/festadobrasil.at\/?page_id=565#breadcrumb"},"inLanguage":"de","potentialAction":[{"@type":"ReadAction","target":["https:\/\/festadobrasil.at\/?page_id=565"]}]},{"@type":"BreadcrumbList","@id":"https:\/\/festadobrasil.at\/?page_id=565#breadcrumb","itemListElement":[{"@type":"ListItem","position":1,"name":"Startseite","item":"https:\/\/festadobrasil.at\/?page_id=558"},{"@type":"ListItem","position":2,"name":"Christkindlmarkt"}]},{"@type":"WebSite","@id":"https:\/\/festadobrasil.at\/#website","url":"https:\/\/festadobrasil.at\/","name":"Festa do Brasil &amp; Arco Latino","description":"Das Fest und der Verein","potentialAction":[{"@type":"SearchAction","target":{"@type":"EntryPoint","urlTemplate":"https:\/\/festadobrasil.at\/?s={search_term_string}"},"query-input":{"@type":"PropertyValueSpecification","valueRequired":true,"valueName":"search_term_string"}}],"inLanguage":"de"}]}},"_links":{"self":[{"href":"https:\/\/festadobrasil.at\/index.php?rest_route=\/wp\/v2\/pages\/565","targetHints":{"allow":["GET"]}}],"collection":[{"href":"https:\/\/festadobrasil.at\/index.php?rest_route=\/wp\/v2\/pages"}],"about":[{"href":"https:\/\/festadobrasil.at\/index.php?rest_route=\/wp\/v2\/types\/page"}],"author":[{"embeddable":true,"href":"https:\/\/festadobrasil.at\/index.php?rest_route=\/wp\/v2\/users\/1"}],"replies":[{"embeddable":true,"href":"https:\/\/festadobrasil.at\/index.php?rest_route=%2Fwp%2Fv2%2Fcomments&post=565"}],"version-history":[{"count":30,"href":"https:\/\/festadobrasil.at\/index.php?rest_route=\/wp\/v2\/pages\/565\/revisions"}],"predecessor-version":[{"id":820,"href":"https:\/\/festadobrasil.at\/index.php?rest_route=\/wp\/v2\/pages\/565\/revisions\/820"}],"wp:attachment":[{"href":"https:\/\/festadobrasil.at\/index.php?rest_route=%2Fwp%2Fv2%2Fmedia&parent=565"}],"curies":[{"name":"wp","href":"https:\/\/api.w.org\/{rel}","templated":true}]}}