{"id":513,"date":"2022-07-03T19:43:11","date_gmt":"2022-07-03T19:43:11","guid":{"rendered":"https:\/\/festadobrasil.at\/?page_id=513"},"modified":"2022-07-04T18:50:40","modified_gmt":"2022-07-04T18:50:40","slug":"verein","status":"publish","type":"page","link":"https:\/\/festadobrasil.at\/?page_id=513","title":{"rendered":"Verein"},"content":{"rendered":"\n<style type=\"text\/css\" data-created_by=\"avia_inline_auto\" id=\"style-css-av-2aisq-ff137e60cb1e6180daadfe898e3c3289\">\n.avia-section.av-2aisq-ff137e60cb1e6180daadfe898e3c3289{\nbackground-color:#eded07;\nbackground-repeat:no-repeat;\nbackground-image:url(https:\/\/festadobrasil.at\/wp-content\/uploads\/2022\/07\/003_Flag_Kolumbien_triangle-01_small-1488x430.jpg);\nbackground-position:50% 100%;\nbackground-attachment:scroll;\n}\n<\/style>\n<div id='av_section_1'  class='avia-section av-2aisq-ff137e60cb1e6180daadfe898e3c3289 main_color avia-section-huge avia-no-border-styling  avia-builder-el-0  el_before_av_one_third  avia-builder-el-first  avia-full-stretch avia-bg-style-scroll  container_wrap fullsize'  data-section-bg-repeat='stretch'><div class='container av-section-cont-open' ><main  role=\"main\" itemprop=\"mainContentOfPage\"  class='template-page content  av-content-full alpha units'><div class='post-entry post-entry-type-page post-entry-513'><div class='entry-content-wrapper clearfix'>\n\n<style type=\"text\/css\" data-created_by=\"avia_inline_auto\" id=\"style-css-av-q68y-97bd2223d9b0070d6f439a3968257661\">\n#top .av-special-heading.av-q68y-97bd2223d9b0070d6f439a3968257661{\npadding-bottom:10px;\ncolor:#ffffff;\nfont-size:40px;\n}\n.av-special-heading.av-q68y-97bd2223d9b0070d6f439a3968257661 .special-heading-inner-border{\nborder-color:#ffffff;\n}\n<\/style>\n<div  class='av-special-heading av-q68y-97bd2223d9b0070d6f439a3968257661 av-special-heading-h1 custom-color-heading blockquote modern-quote  avia-builder-el-1  avia-builder-el-no-sibling  av-inherit-size '><h1 class='av-special-heading-tag '  itemprop=\"headline\"  >Verein Arco Latino<\/h1><div class='special-heading-border'><div class='special-heading-inner-border'><\/div><\/div><\/div>\n<\/div><\/div><\/main><!-- close content main element --><\/div><\/div><div id='after_section_1'  class='main_color av_default_container_wrap container_wrap fullsize'  ><div class='container av-section-cont-open' ><div class='template-page content  av-content-full alpha units'><div class='post-entry post-entry-type-page post-entry-513'><div class='entry-content-wrapper clearfix'><div class='flex_column av-1k81e-14876444f260fc8cde69e1e088c6fbd4 av_one_third  avia-builder-el-2  el_after_av_section  el_before_av_two_third  avia-builder-el-first  first flex_column_div '   ><style type=\"text\/css\" data-created_by=\"avia_inline_auto\" id=\"style-css-av-7yuia-03da51f4faeacb971e0e96a34909af48\">\n.avia-image-container.av-7yuia-03da51f4faeacb971e0e96a34909af48 .av-image-caption-overlay-center{\ncolor:#ffffff;\n}\n<\/style>\n<div  class='avia-image-container av-7yuia-03da51f4faeacb971e0e96a34909af48 av-styling- avia-align-center  avia-builder-el-3  avia-builder-el-no-sibling  '  itemprop=\"image\" itemscope=\"itemscope\" itemtype=\"https:\/\/schema.org\/ImageObject\" ><div class=\"avia-image-container-inner\"><div class=\"avia-image-overlay-wrap\"><img decoding=\"async\" class='wp-image-236 avia-img-lazy-loading-not-236 avia_image' src=\"https:\/\/festadobrasil.at\/wp-content\/uploads\/2022\/06\/DSC03909-495x400.jpg\" alt='' title='DSC03909'  height=\"400\" width=\"495\"  itemprop=\"thumbnailUrl\" srcset=\"https:\/\/festadobrasil.at\/wp-content\/uploads\/2022\/06\/DSC03909-495x400.jpg 495w, https:\/\/festadobrasil.at\/wp-content\/uploads\/2022\/06\/DSC03909-845x684.jpg 845w\" sizes=\"(max-width: 495px) 100vw, 495px\" \/><\/div><\/div><\/div><\/div><\/p>\n<div class='flex_column av-980a2-6304c4b8294c404bae5aa2a7ec079be0 av_two_third  avia-builder-el-4  el_after_av_one_third  el_before_av_section  avia-builder-el-last  flex_column_div '   ><section  class='av_textblock_section av-1w4mve-4f3bc0e3ea7664f325d9c7c79821da18 '  itemscope=\"itemscope\" itemtype=\"https:\/\/schema.org\/CreativeWork\" ><div class='avia_textblock '  itemprop=\"text\" ><p>Der Verein Arco Latino, gegr\u00fcndet am 01.08.2005 (als Folgeorganisation des \u201eF\u00f6rderkreises Sao Miguel\u201c, welcher am 24.03.2003 ins Leben gerufen wurde) mit Sitz in 5020 Salzburg, Dr-Adolf-Altmann-Stra\u00dfe 4A, definiert sich auf Basis folgender Ziele:<\/p>\n<ul>\n<li>Menschen in Lateinamerika durch Sozialprojekte zu helfen.<\/li>\n<li>Menschen aus Lateinamerika, die in \u00d6sterreich unter schwierigen Bedingungen leben m\u00fcssen, zu unterst\u00fctzen.<\/li>\n<li>F\u00f6rderung des kulturellen Austausches zwischen \u00d6sterreich und Lateinamerika<\/li>\n<\/ul>\n<p>Die Verkn\u00fcpfung der vorgenannten Punkte erzeugt einen positiven Kreislauf, von dem alle Beteiligten profitieren.<\/p>\n<p>Wir freuen uns auf Ideen, wie Arco Latino den Flair Lateinamerikas in Ihr Projekt einbringen kann und stehen f\u00fcr Kooperationen sehr gerne zur Verf\u00fcgung!<\/p>\n<\/div><\/section><\/div>\n<\/div><\/div><\/div><!-- close content main div --><\/div><\/div>\n<style type=\"text\/css\" data-created_by=\"avia_inline_auto\" id=\"style-css-av-l51d8gtu-64daa691a8c890bebdb0872cf08de7e4\">\n.avia-section.av-l51d8gtu-64daa691a8c890bebdb0872cf08de7e4{\nbackground-color:#f2f2f2;\n}\n<\/style>\n<div id='av_section_2'  class='avia-section av-l51d8gtu-64daa691a8c890bebdb0872cf08de7e4 main_color avia-section-default avia-no-border-styling  avia-builder-el-6  el_after_av_two_third  avia-builder-el-last  avia-bg-style-scroll  container_wrap fullsize'  ><div class='container av-section-cont-open' ><div class='template-page content  av-content-full alpha units'><div class='post-entry post-entry-type-page post-entry-513'><div class='entry-content-wrapper clearfix'>\n\n<style type=\"text\/css\" data-created_by=\"avia_inline_auto\" id=\"style-css-av-1fsisy-666089a10a9303d7b19608cc7bee33cf\">\n#top .av-special-heading.av-1fsisy-666089a10a9303d7b19608cc7bee33cf{\npadding-bottom:10px;\n}\n<\/style>\n<div  class='av-special-heading av-1fsisy-666089a10a9303d7b19608cc7bee33cf av-special-heading-h1 blockquote modern-quote  avia-builder-el-7  el_before_av_masonry_gallery  avia-builder-el-no-sibling  '><h1 class='av-special-heading-tag '  itemprop=\"headline\"  >Vereinsaktivit\u00e4ten<\/h1><div class='special-heading-border'><div class='special-heading-inner-border'><\/div><\/div><\/div>\n<div id='av-masonry-1' class='av-masonry av-l52c6yyf-6e8bec6907331b73a1dbf59b2b641989 noHover av-flex-size av-1px-gap av-hover-overlay-active av-masonry-animation-active av-masonry-col-3 av-caption-always av-caption-style- av-masonry-gallery   '><div class=\"av-masonry-container isotope av-js-disabled\"><div class='av-masonry-entry isotope-item av-masonry-item-no-image '><\/div><a href=\"https:\/\/festadobrasil.at\/wp-content\/uploads\/2022\/06\/criancas_140208-1030x773.jpg\" data-srcset=\"https:\/\/festadobrasil.at\/wp-content\/uploads\/2022\/06\/criancas_140208-1030x773.jpg 1030w, https:\/\/festadobrasil.at\/wp-content\/uploads\/2022\/06\/criancas_140208-300x225.jpg 300w, https:\/\/festadobrasil.at\/wp-content\/uploads\/2022\/06\/criancas_140208-768x576.jpg 768w, https:\/\/festadobrasil.at\/wp-content\/uploads\/2022\/06\/criancas_140208-1536x1152.jpg 1536w, https:\/\/festadobrasil.at\/wp-content\/uploads\/2022\/06\/criancas_140208-1500x1125.jpg 1500w, https:\/\/festadobrasil.at\/wp-content\/uploads\/2022\/06\/criancas_140208-705x529.jpg 705w, https:\/\/festadobrasil.at\/wp-content\/uploads\/2022\/06\/criancas_140208.jpg 1600w\" data-sizes=\"(max-width: 1030px) 100vw, 1030px\"  aria-label=\"Bild MINOLTA DIGITAL CAMERA\"  id='av-masonry-1-item-235' data-av-masonry-item='235' class='av-masonry-entry isotope-item post-235 attachment type-attachment status-inherit hentry  av-masonry-item-with-image' title=\"MINOLTA DIGITAL CAMERA\" alt=\"\"   itemprop=\"thumbnailUrl\" ><div class='av-inner-masonry-sizer'><\/div><figure class='av-inner-masonry main_color'><div class=\"av-masonry-outerimage-container\"><div class='av-masonry-image-container'   ><img decoding=\"async\" width=\"705\" height=\"529\" class=\"wp-image-235 avia-img-lazy-loading-not-235\"  src=\"https:\/\/festadobrasil.at\/wp-content\/uploads\/2022\/06\/criancas_140208-705x529.jpg\" title=\"MINOLTA DIGITAL CAMERA\" alt=\"\" srcset=\"https:\/\/festadobrasil.at\/wp-content\/uploads\/2022\/06\/criancas_140208-705x529.jpg 705w, https:\/\/festadobrasil.at\/wp-content\/uploads\/2022\/06\/criancas_140208-300x225.jpg 300w, https:\/\/festadobrasil.at\/wp-content\/uploads\/2022\/06\/criancas_140208-1030x773.jpg 1030w, https:\/\/festadobrasil.at\/wp-content\/uploads\/2022\/06\/criancas_140208-768x576.jpg 768w, https:\/\/festadobrasil.at\/wp-content\/uploads\/2022\/06\/criancas_140208-1536x1152.jpg 1536w, https:\/\/festadobrasil.at\/wp-content\/uploads\/2022\/06\/criancas_140208-1500x1125.jpg 1500w, https:\/\/festadobrasil.at\/wp-content\/uploads\/2022\/06\/criancas_140208.jpg 1600w\" sizes=\"(max-width: 705px) 100vw, 705px\" \/><\/div><\/div><\/figure><\/a><!--end av-masonry entry--><a href=\"https:\/\/festadobrasil.at\/wp-content\/uploads\/2022\/07\/arco-latino-logo_kompl_rotblaugruen_quad-2-1030x725.jpg\" data-srcset=\"https:\/\/festadobrasil.at\/wp-content\/uploads\/2022\/07\/arco-latino-logo_kompl_rotblaugruen_quad-2-1030x725.jpg 1030w, https:\/\/festadobrasil.at\/wp-content\/uploads\/2022\/07\/arco-latino-logo_kompl_rotblaugruen_quad-2-300x211.jpg 300w, https:\/\/festadobrasil.at\/wp-content\/uploads\/2022\/07\/arco-latino-logo_kompl_rotblaugruen_quad-2-768x540.jpg 768w, https:\/\/festadobrasil.at\/wp-content\/uploads\/2022\/07\/arco-latino-logo_kompl_rotblaugruen_quad-2-705x496.jpg 705w, https:\/\/festadobrasil.at\/wp-content\/uploads\/2022\/07\/arco-latino-logo_kompl_rotblaugruen_quad-2.jpg 1170w\" data-sizes=\"(max-width: 1030px) 100vw, 1030px\"  aria-label=\"Bild arco latino logo_kompl_rotblaugr\u00fcn_quad\"  id='av-masonry-1-item-452' data-av-masonry-item='452' class='av-masonry-entry isotope-item post-452 attachment type-attachment status-inherit hentry  av-masonry-item-with-image' title=\"arco latino logo_kompl_rotblaugr\u00fcn_quad\" alt=\"\"   itemprop=\"thumbnailUrl\" ><div class='av-inner-masonry-sizer'><\/div><figure class='av-inner-masonry main_color'><div class=\"av-masonry-outerimage-container\"><div class='av-masonry-image-container'   ><img decoding=\"async\" width=\"705\" height=\"496\" class=\"wp-image-452 avia-img-lazy-loading-not-452\"  src=\"https:\/\/festadobrasil.at\/wp-content\/uploads\/2022\/07\/arco-latino-logo_kompl_rotblaugruen_quad-2-705x496.jpg\" title=\"arco latino logo_kompl_rotblaugr\u00fcn_quad\" alt=\"\" srcset=\"https:\/\/festadobrasil.at\/wp-content\/uploads\/2022\/07\/arco-latino-logo_kompl_rotblaugruen_quad-2-705x496.jpg 705w, https:\/\/festadobrasil.at\/wp-content\/uploads\/2022\/07\/arco-latino-logo_kompl_rotblaugruen_quad-2-300x211.jpg 300w, https:\/\/festadobrasil.at\/wp-content\/uploads\/2022\/07\/arco-latino-logo_kompl_rotblaugruen_quad-2-1030x725.jpg 1030w, https:\/\/festadobrasil.at\/wp-content\/uploads\/2022\/07\/arco-latino-logo_kompl_rotblaugruen_quad-2-768x540.jpg 768w, https:\/\/festadobrasil.at\/wp-content\/uploads\/2022\/07\/arco-latino-logo_kompl_rotblaugruen_quad-2.jpg 1170w\" sizes=\"(max-width: 705px) 100vw, 705px\" \/><\/div><\/div><\/figure><\/a><!--end av-masonry entry--><a href=\"https:\/\/festadobrasil.at\/wp-content\/uploads\/2022\/06\/IMG_7616-1030x773.jpg\" data-srcset=\"https:\/\/festadobrasil.at\/wp-content\/uploads\/2022\/06\/IMG_7616-1030x773.jpg 1030w, https:\/\/festadobrasil.at\/wp-content\/uploads\/2022\/06\/IMG_7616-300x225.jpg 300w, https:\/\/festadobrasil.at\/wp-content\/uploads\/2022\/06\/IMG_7616-768x576.jpg 768w, https:\/\/festadobrasil.at\/wp-content\/uploads\/2022\/06\/IMG_7616-1536x1152.jpg 1536w, https:\/\/festadobrasil.at\/wp-content\/uploads\/2022\/06\/IMG_7616-2048x1536.jpg 2048w, https:\/\/festadobrasil.at\/wp-content\/uploads\/2022\/06\/IMG_7616-1500x1125.jpg 1500w, https:\/\/festadobrasil.at\/wp-content\/uploads\/2022\/06\/IMG_7616-705x529.jpg 705w\" data-sizes=\"(max-width: 1030px) 100vw, 1030px\"  aria-label=\"Bild IMG_7616\"  id='av-masonry-1-item-241' data-av-masonry-item='241' class='av-masonry-entry isotope-item post-241 attachment type-attachment status-inherit hentry  av-masonry-item-with-image' title=\"IMG_7616\" alt=\"\"   itemprop=\"thumbnailUrl\" ><div class='av-inner-masonry-sizer'><\/div><figure class='av-inner-masonry main_color'><div class=\"av-masonry-outerimage-container\"><div class='av-masonry-image-container'   ><img decoding=\"async\" width=\"705\" height=\"529\" class=\"wp-image-241 avia-img-lazy-loading-not-241\"  src=\"https:\/\/festadobrasil.at\/wp-content\/uploads\/2022\/06\/IMG_7616-705x529.jpg\" title=\"IMG_7616\" alt=\"\" srcset=\"https:\/\/festadobrasil.at\/wp-content\/uploads\/2022\/06\/IMG_7616-705x529.jpg 705w, https:\/\/festadobrasil.at\/wp-content\/uploads\/2022\/06\/IMG_7616-300x225.jpg 300w, https:\/\/festadobrasil.at\/wp-content\/uploads\/2022\/06\/IMG_7616-1030x773.jpg 1030w, https:\/\/festadobrasil.at\/wp-content\/uploads\/2022\/06\/IMG_7616-768x576.jpg 768w, https:\/\/festadobrasil.at\/wp-content\/uploads\/2022\/06\/IMG_7616-1536x1152.jpg 1536w, https:\/\/festadobrasil.at\/wp-content\/uploads\/2022\/06\/IMG_7616-2048x1536.jpg 2048w, https:\/\/festadobrasil.at\/wp-content\/uploads\/2022\/06\/IMG_7616-1500x1125.jpg 1500w\" sizes=\"(max-width: 705px) 100vw, 705px\" \/><\/div><\/div><\/figure><\/a><!--end av-masonry entry--><\/div><\/div>\n\n<style type=\"text\/css\" data-created_by=\"avia_inline_auto\" id=\"style-css-av-9nhdm-55abac4730ad1ac052c836e0243c3e34\">\n.flex_column.av-9nhdm-55abac4730ad1ac052c836e0243c3e34{\nborder-radius:0px 0px 0px 0px;\n-webkit-border-radius:0px 0px 0px 0px;\n-moz-border-radius:0px 0px 0px 0px;\n}\n<\/style>\n<div class='flex_column av-9nhdm-55abac4730ad1ac052c836e0243c3e34 av_one_full  avia-builder-el-9  el_after_av_masonry_gallery  avia-builder-el-no-sibling  first flex_column_div  av-animated-generic bottom-to-top av-zero-column-padding '   ><section  class='av_textblock_section av-189ky2-4811c75c22f82a0effbecfb26bb298b9 '  itemscope=\"itemscope\" itemtype=\"https:\/\/schema.org\/CreativeWork\" ><div class='avia_textblock '  itemprop=\"text\" ><h4><\/h4>\n<h4>Der Verein Arco Latino,<\/h4>\n<p>gegr\u00fcndet am 01.08.2005 mit Sitz in Salzburg,<br \/>\nDr. Adolf-Altmann-Str. 4A,<\/p>\n<p>der Verein Arco Latino versucht Menschen in Lateinamerika durch Sozialprojekte zu helfen, Menschen aus Lateinamerika in \u00d6sterreich zu unterst\u00fctzen und f\u00f6rdert den \u00a0kulturellen Austausch zwischen \u00d6sterreich und Lateinamerika.<\/p>\n<p>So wird aktuell j\u00e4hrlich ein Benefizstand am Christkindlmarkt am Alten Markt in Salzburg mit Mango-Punsch und Hot Caipirinha betrieben. Neben Kunstversteigerungsevents und klassischen Benefizkonzerten in Kirchen und diversen Locations wurde die Event-Reihe FESTA DO BRASIL ins Leben gerufen. Gleichzeitig werden auch Lateinamerika-Events f\u00fcr Firmen organisiert.<\/p>\n<p>Die Benefizveranstaltung FESTA DO BRASIL ist der Hauptevent von Arco Latino und findet in ganz \u00d6sterreich (Events bisher in Salzburg, Graz, Linz und Wien) gro\u00dfen Anklang. Dieses Fest bringt mittels spektakul\u00e4rer Live Auftritte wie Trommlergruppen (Samba Baterias), Sambatanzshows, Capoeira usw. den Esprit Brasiliens nach Europa.<\/p>\n<p>Auf Basis einer guten Kooperation mit den Locations den K\u00fcnstlern (aus Brasilien, \u00d6sterreich und Deutschland ) und durch die ehrenamtliche Mitarbeit vieler \u00d6sterreicher und Lateinamerikaner konnte bei jedem Event ein betr\u00e4chtlicher Reinerl\u00f6s erzielt werden.<\/p>\n<p>Dieses Geld, dass seit Oktober 2003 vom F\u00f6rderkreis Sao Miguel (als Vorg\u00e4ngerorganisation von Arco Latino) verwaltet wird, diente bisher als Unterst\u00fctzung f\u00fcr die Errichtung eines Pfarrzentrums in einem Armenviertel in Sao Paulo. Mittlerweile ist das Projekt fertiggestellt, die Freude der Menschen ist unbeschreiblich gro\u00df. Mit dem Reinerl\u00f6s der Brasilienfeste wurden weitere Projekte in S\u00fcdamerika begonnen. In Caragua, zwei Autostunden n\u00f6rdlich der Metropole Sao Paulo, wurden im Rahmen der Aktion \u201eHoffnung f\u00fcr Kinder in Caragua\u201c alleinstehende M\u00fctter und deren Kinder, die in den Favelas (slums) leben m\u00fcssen, gef\u00f6rdert und zur Hilfe durch Selbsthilfe animiert.<\/p>\n<p>In Carmo da Mata wurden pflegebed\u00fcrftige Menschen unterst\u00fctzt, deren Unterkunft sich in einem katastrophalen Zustand befinden. Diese werden nunmehr saniert. Das Projekt wird von Padre Cl\u00e9ber und Dona Augusta vor Ort geleitet.<\/p>\n<p>Seit 2013 erfolgt die Unterst\u00fctzung des Projektes \u201eAmigo do Surdo\u201c. Hierbei geht es um die Hilfe f\u00fcr taubstumme Kinder im Alter von 3 bis 12 Jahren, welche in den Favelas (slums) in der Ostzone der Millionenmetropole Sao Paulo ihr Dasein fristen.<\/p>\n<\/div><\/section><\/div>\n\n","protected":false},"excerpt":{"rendered":"","protected":false},"author":1,"featured_media":0,"parent":0,"menu_order":0,"comment_status":"open","ping_status":"open","template":"","meta":{"footnotes":""},"class_list":["post-513","page","type-page","status-publish","hentry"],"yoast_head":"<!-- This site is optimized with the Yoast SEO plugin v26.3 - https:\/\/yoast.com\/wordpress\/plugins\/seo\/ -->\n<title>Verein - Festa do Brasil &amp; Arco Latino<\/title>\n<meta name=\"robots\" content=\"index, follow, max-snippet:-1, max-image-preview:large, max-video-preview:-1\" \/>\n<link rel=\"canonical\" href=\"https:\/\/festadobrasil.at\/?page_id=513\" \/>\n<meta property=\"og:locale\" content=\"de_DE\" \/>\n<meta property=\"og:type\" content=\"article\" \/>\n<meta property=\"og:title\" content=\"Verein - Festa do Brasil &amp; Arco Latino\" \/>\n<meta property=\"og:url\" content=\"https:\/\/festadobrasil.at\/?page_id=513\" \/>\n<meta property=\"og:site_name\" content=\"Festa do Brasil &amp; Arco Latino\" \/>\n<meta property=\"article:modified_time\" content=\"2022-07-04T18:50:40+00:00\" \/>\n<meta name=\"twitter:card\" content=\"summary_large_image\" \/>\n<meta name=\"twitter:label1\" content=\"Gesch\u00e4tzte Lesezeit\" \/>\n\t<meta name=\"twitter:data1\" content=\"10\u00a0Minuten\" \/>\n<script type=\"application\/ld+json\" class=\"yoast-schema-graph\">{\"@context\":\"https:\/\/schema.org\",\"@graph\":[{\"@type\":\"WebPage\",\"@id\":\"https:\/\/festadobrasil.at\/?page_id=513\",\"url\":\"https:\/\/festadobrasil.at\/?page_id=513\",\"name\":\"Verein - Festa do Brasil &amp; Arco Latino\",\"isPartOf\":{\"@id\":\"https:\/\/festadobrasil.at\/#website\"},\"datePublished\":\"2022-07-03T19:43:11+00:00\",\"dateModified\":\"2022-07-04T18:50:40+00:00\",\"breadcrumb\":{\"@id\":\"https:\/\/festadobrasil.at\/?page_id=513#breadcrumb\"},\"inLanguage\":\"de\",\"potentialAction\":[{\"@type\":\"ReadAction\",\"target\":[\"https:\/\/festadobrasil.at\/?page_id=513\"]}]},{\"@type\":\"BreadcrumbList\",\"@id\":\"https:\/\/festadobrasil.at\/?page_id=513#breadcrumb\",\"itemListElement\":[{\"@type\":\"ListItem\",\"position\":1,\"name\":\"Startseite\",\"item\":\"https:\/\/festadobrasil.at\/?page_id=558\"},{\"@type\":\"ListItem\",\"position\":2,\"name\":\"Verein\"}]},{\"@type\":\"WebSite\",\"@id\":\"https:\/\/festadobrasil.at\/#website\",\"url\":\"https:\/\/festadobrasil.at\/\",\"name\":\"Festa do Brasil &amp; Arco Latino\",\"description\":\"Das Fest und der Verein\",\"potentialAction\":[{\"@type\":\"SearchAction\",\"target\":{\"@type\":\"EntryPoint\",\"urlTemplate\":\"https:\/\/festadobrasil.at\/?s={search_term_string}\"},\"query-input\":{\"@type\":\"PropertyValueSpecification\",\"valueRequired\":true,\"valueName\":\"search_term_string\"}}],\"inLanguage\":\"de\"}]}<\/script>\n<!-- \/ Yoast SEO plugin. -->","yoast_head_json":{"title":"Verein - Festa do Brasil &amp; Arco Latino","robots":{"index":"index","follow":"follow","max-snippet":"max-snippet:-1","max-image-preview":"max-image-preview:large","max-video-preview":"max-video-preview:-1"},"canonical":"https:\/\/festadobrasil.at\/?page_id=513","og_locale":"de_DE","og_type":"article","og_title":"Verein - Festa do Brasil &amp; Arco Latino","og_url":"https:\/\/festadobrasil.at\/?page_id=513","og_site_name":"Festa do Brasil &amp; Arco Latino","article_modified_time":"2022-07-04T18:50:40+00:00","twitter_card":"summary_large_image","twitter_misc":{"Gesch\u00e4tzte Lesezeit":"10\u00a0Minuten"},"schema":{"@context":"https:\/\/schema.org","@graph":[{"@type":"WebPage","@id":"https:\/\/festadobrasil.at\/?page_id=513","url":"https:\/\/festadobrasil.at\/?page_id=513","name":"Verein - Festa do Brasil &amp; Arco Latino","isPartOf":{"@id":"https:\/\/festadobrasil.at\/#website"},"datePublished":"2022-07-03T19:43:11+00:00","dateModified":"2022-07-04T18:50:40+00:00","breadcrumb":{"@id":"https:\/\/festadobrasil.at\/?page_id=513#breadcrumb"},"inLanguage":"de","potentialAction":[{"@type":"ReadAction","target":["https:\/\/festadobrasil.at\/?page_id=513"]}]},{"@type":"BreadcrumbList","@id":"https:\/\/festadobrasil.at\/?page_id=513#breadcrumb","itemListElement":[{"@type":"ListItem","position":1,"name":"Startseite","item":"https:\/\/festadobrasil.at\/?page_id=558"},{"@type":"ListItem","position":2,"name":"Verein"}]},{"@type":"WebSite","@id":"https:\/\/festadobrasil.at\/#website","url":"https:\/\/festadobrasil.at\/","name":"Festa do Brasil &amp; Arco Latino","description":"Das Fest und der Verein","potentialAction":[{"@type":"SearchAction","target":{"@type":"EntryPoint","urlTemplate":"https:\/\/festadobrasil.at\/?s={search_term_string}"},"query-input":{"@type":"PropertyValueSpecification","valueRequired":true,"valueName":"search_term_string"}}],"inLanguage":"de"}]}},"_links":{"self":[{"href":"https:\/\/festadobrasil.at\/index.php?rest_route=\/wp\/v2\/pages\/513","targetHints":{"allow":["GET"]}}],"collection":[{"href":"https:\/\/festadobrasil.at\/index.php?rest_route=\/wp\/v2\/pages"}],"about":[{"href":"https:\/\/festadobrasil.at\/index.php?rest_route=\/wp\/v2\/types\/page"}],"author":[{"embeddable":true,"href":"https:\/\/festadobrasil.at\/index.php?rest_route=\/wp\/v2\/users\/1"}],"replies":[{"embeddable":true,"href":"https:\/\/festadobrasil.at\/index.php?rest_route=%2Fwp%2Fv2%2Fcomments&post=513"}],"version-history":[{"count":14,"href":"https:\/\/festadobrasil.at\/index.php?rest_route=\/wp\/v2\/pages\/513\/revisions"}],"predecessor-version":[{"id":689,"href":"https:\/\/festadobrasil.at\/index.php?rest_route=\/wp\/v2\/pages\/513\/revisions\/689"}],"wp:attachment":[{"href":"https:\/\/festadobrasil.at\/index.php?rest_route=%2Fwp%2Fv2%2Fmedia&parent=513"}],"curies":[{"name":"wp","href":"https:\/\/api.w.org\/{rel}","templated":true}]}}