{"id":423,"date":"2022-07-03T19:33:42","date_gmt":"2022-07-03T19:33:42","guid":{"rendered":"https:\/\/festadobrasil.at\/?page_id=423"},"modified":"2022-11-25T13:14:10","modified_gmt":"2022-11-25T13:14:10","slug":"festa-do-brasil","status":"publish","type":"page","link":"https:\/\/festadobrasil.at\/?page_id=423","title":{"rendered":"Festa do Brasil"},"content":{"rendered":"\n<style type=\"text\/css\" data-created_by=\"avia_inline_auto\" id=\"style-css-av-185pbt-5e21cd72286984b232cc2b7f9e3a0a97\">\n.avia-section.av-185pbt-5e21cd72286984b232cc2b7f9e3a0a97{\nbackground-repeat:no-repeat;\nbackground-image:url(https:\/\/festadobrasil.at\/wp-content\/uploads\/2022\/07\/festa_do_grid_brasil-04_gespiegelt-1500x630.jpg);\nbackground-position:50% 0%;\nbackground-attachment:scroll;\n}\n<\/style>\n<div id='av_section_1'  class='avia-section av-185pbt-5e21cd72286984b232cc2b7f9e3a0a97 main_color avia-section-huge avia-no-border-styling  avia-builder-el-0  el_before_av_one_full  avia-builder-el-first  avia-full-stretch avia-bg-style-scroll  container_wrap fullsize'  data-section-bg-repeat='stretch'><div class='container av-section-cont-open' ><main  role=\"main\" itemprop=\"mainContentOfPage\"  class='template-page content  av-content-full alpha units'><div class='post-entry post-entry-type-page post-entry-423'><div class='entry-content-wrapper clearfix'>\n\n<style type=\"text\/css\" data-created_by=\"avia_inline_auto\" id=\"style-css-av-l525kcce-9044ac0171e81bd4a652779676e23a4a\">\n#top .av-special-heading.av-l525kcce-9044ac0171e81bd4a652779676e23a4a{\npadding-bottom:20px;\ncolor:#ffffff;\nfont-size:40px;\n}\n.av-special-heading.av-l525kcce-9044ac0171e81bd4a652779676e23a4a .special-heading-inner-border{\nborder-color:#ffffff;\n}\n<\/style>\n<div  class='av-special-heading av-l525kcce-9044ac0171e81bd4a652779676e23a4a av-special-heading-h1 custom-color-heading blockquote modern-quote  avia-builder-el-1  avia-builder-el-no-sibling  av-inherit-size '><h1 class='av-special-heading-tag '  itemprop=\"headline\"  >FESTA DO BRASIL<\/h1><div class='special-heading-border'><div class='special-heading-inner-border'><\/div><\/div><\/div>\n<\/div><\/div><\/main><!-- close content main element --><\/div><\/div><div id='after_section_1'  class='main_color av_default_container_wrap container_wrap fullsize'  ><div class='container av-section-cont-open' ><div class='template-page content  av-content-full alpha units'><div class='post-entry post-entry-type-page post-entry-423'><div class='entry-content-wrapper clearfix'>\n<style type=\"text\/css\" data-created_by=\"avia_inline_auto\" id=\"style-css-av-k4qft-549a324a63d85f2335886c3b85dee676\">\n.flex_column.av-k4qft-549a324a63d85f2335886c3b85dee676{\nborder-width:1px;\nborder-style:solid;\nbox-shadow:0 0 17px 0 #545454;\n-webkit-box-shadow:0 0 17px 0 #545454;\n-moz-box-shadow:0 0 17px 0 #545454;\n}\n<\/style>\n<div class='flex_column av-k4qft-549a324a63d85f2335886c3b85dee676 av_one_full  avia-builder-el-2  el_after_av_section  el_before_av_textblock  avia-builder-el-first  first flex_column_div '   ><div   data-size='featured_large'  data-lightbox_size='large'  data-animation='slide'  data-conditional_play=''  data-ids='244,230,704,249,248'  data-video_counter='0'  data-autoplay='true'  data-bg_slider='false'  data-slide_height=''  data-handle='av_slideshow'  data-interval='7'  data-class=' avia-builder-el-3  avia-builder-el-no-sibling  '  data-el_id=''  data-css_id=''  data-scroll_down=''  data-control_layout='av-control-minimal'  data-custom_markup=''  data-perma_caption='aviaTBperma_caption'  data-autoplay_stopper=''  data-image_attachment=''  data-min_height='0px'  data-lazy_loading='disabled'  data-img_scrset=''  data-default-height='42'  class='avia-slideshow avia-slideshow-1  av-control-minimal av-default-height-applied avia-slideshow-featured_large av_slideshow  avia-builder-el-3  avia-builder-el-no-sibling   avia-slide-slider '  itemprop=\"image\" itemscope=\"itemscope\" itemtype=\"https:\/\/schema.org\/ImageObject\" ><ul class='avia-slideshow-inner ' style='padding-bottom: 42%;' ><li  class=' slide-1 ' ><div data-rel='slideshow-1' class='avia-slide-wrap '   ><img decoding=\"async\" class=\"wp-image-244 avia-img-lazy-loading-not-244\"  src=\"https:\/\/festadobrasil.at\/wp-content\/uploads\/2022\/06\/Location_05-1500x630.jpg\" width=\"1500\" height=\"630\" title='Location_05' alt=''  itemprop=\"thumbnailUrl\"   \/><\/div><\/li><li  class=' slide-2 ' ><div data-rel='slideshow-1' class='avia-slide-wrap '   ><img decoding=\"async\" class=\"wp-image-230 avia-img-lazy-loading-not-230\"  src=\"https:\/\/festadobrasil.at\/wp-content\/uploads\/2022\/06\/Bateria1_FdB_1004-1500x630.jpg\" width=\"1500\" height=\"630\" title='Bateria1_FdB_1004' alt=''  itemprop=\"thumbnailUrl\"   \/><\/div><\/li><li  class=' slide-3 ' ><div data-rel='slideshow-1' class='avia-slide-wrap '   ><img decoding=\"async\" class=\"wp-image-704 avia-img-lazy-loading-not-704\"  src=\"https:\/\/festadobrasil.at\/wp-content\/uploads\/2022\/07\/SB_Portrait-1500x630.jpg\" width=\"1500\" height=\"630\" title='SB_Portrait' alt=''  itemprop=\"thumbnailUrl\"   \/><\/div><\/li><li  class=' slide-4 ' ><div data-rel='slideshow-1' class='avia-slide-wrap '   ><img decoding=\"async\" class=\"wp-image-249 avia-img-lazy-loading-not-249\"  src=\"https:\/\/festadobrasil.at\/wp-content\/uploads\/2022\/06\/OK_140614_Festodobrasil_Uwe_057.jpg\" width=\"800\" height=\"532\" title='OK_140614_Festodobrasil_Uwe_057' alt=''  itemprop=\"thumbnailUrl\" srcset=\"https:\/\/festadobrasil.at\/wp-content\/uploads\/2022\/06\/OK_140614_Festodobrasil_Uwe_057.jpg 800w, https:\/\/festadobrasil.at\/wp-content\/uploads\/2022\/06\/OK_140614_Festodobrasil_Uwe_057-300x200.jpg 300w, https:\/\/festadobrasil.at\/wp-content\/uploads\/2022\/06\/OK_140614_Festodobrasil_Uwe_057-768x511.jpg 768w, https:\/\/festadobrasil.at\/wp-content\/uploads\/2022\/06\/OK_140614_Festodobrasil_Uwe_057-705x469.jpg 705w\" sizes=\"(max-width: 800px) 100vw, 800px\" \/><\/div><\/li><li  class=' slide-5 ' ><div data-rel='slideshow-1' class='avia-slide-wrap '   ><img decoding=\"async\" class=\"wp-image-248 avia-img-lazy-loading-not-248\"  src=\"https:\/\/festadobrasil.at\/wp-content\/uploads\/2022\/06\/OK_140614_Festodobrasil_Uwe_011.jpg\" width=\"800\" height=\"532\" title='OK_140614_Festodobrasil_Uwe_011' alt=''  itemprop=\"thumbnailUrl\" srcset=\"https:\/\/festadobrasil.at\/wp-content\/uploads\/2022\/06\/OK_140614_Festodobrasil_Uwe_011.jpg 800w, https:\/\/festadobrasil.at\/wp-content\/uploads\/2022\/06\/OK_140614_Festodobrasil_Uwe_011-300x200.jpg 300w, https:\/\/festadobrasil.at\/wp-content\/uploads\/2022\/06\/OK_140614_Festodobrasil_Uwe_011-768x511.jpg 768w, https:\/\/festadobrasil.at\/wp-content\/uploads\/2022\/06\/OK_140614_Festodobrasil_Uwe_011-705x469.jpg 705w\" sizes=\"(max-width: 800px) 100vw, 800px\" \/><\/div><\/li><\/ul><div class='avia-slideshow-arrows avia-slideshow-controls' ><a href='#prev' class='prev-slide ' aria-hidden='true' data-av_icon='\ue87c' data-av_iconfont='entypo-fontello'  tabindex='-1'>Zur\u00fcck<\/a><a href='#next' class='next-slide ' aria-hidden='true' data-av_icon='\ue87d' data-av_iconfont='entypo-fontello'  tabindex='-1'>Weiter<\/a><\/div><div class='avia-slideshow-dots avia-slideshow-controls'><a href='#1' class='goto-slide active' >1<\/a><a href='#2' class='goto-slide ' >2<\/a><a href='#3' class='goto-slide ' >3<\/a><a href='#4' class='goto-slide ' >4<\/a><a href='#5' class='goto-slide ' >5<\/a><\/div><\/div><\/div><\/p>\n\n<style type=\"text\/css\" data-created_by=\"avia_inline_auto\" id=\"style-css-av-l55jm8l8-4abeccb728c4bf12d4a23a7c5e3e7492\">\n.av_textblock_section.av-l55jm8l8-4abeccb728c4bf12d4a23a7c5e3e7492 .avia_textblock{\ncolor:#000000;\n}\n<\/style>\n<section  class='av_textblock_section av-l55jm8l8-4abeccb728c4bf12d4a23a7c5e3e7492 '  itemscope=\"itemscope\" itemtype=\"https:\/\/schema.org\/CreativeWork\" ><div class='avia_textblock av_inherit_color '  itemprop=\"text\" ><p>FESTA DO BRASIL ist ein brasilianisches Fest, das den Esprit Brasiliens nach Europa bringt! Eine stimmungsgeladene Party f\u00fcr einen guten Zweck.<\/p>\n<h2>FESTA f\u00fcr Firmen<\/h2>\n<p>Die FESTA DO BRASIL ist ein brasilianisches Fest, welches die Lebensfreude Brasiliens direkt zu Ihnen und Ihren G\u00e4sten bringt!<\/p>\n<p>Eine abwechslungsreiche Party voller authentischer, mitrei\u00dfender Show- und Music-Acts, wie zB:<\/p>\n<ul>\n<li>\n<h5>Samba-T\u00e4nzerInnen in farbenpr\u00e4chtigen Kost\u00fcmen<\/h5>\n<\/li>\n<li>\n<h5>authentische Samba-Bateria mit bis zu 30 Trommlern<\/h5>\n<\/li>\n<li>\n<h5>atemberaubende Capoeira-Show<\/h5>\n<\/li>\n<li>\n<h5>faszinierende Fu\u00dfball Artistik und Balljonglage<\/h5>\n<\/li>\n<li>\n<h5>feurige \u201eDanca do Fogo\u201c mit Feuerjonglage und Pyroshow (nur im Freien m\u00f6glich)<\/h5>\n<\/li>\n<li>\n<h5>temperamentgeladene Live Brasil-Band und Gesangs-Acts<\/h5>\n<\/li>\n<li>\n<h5>stimmungsvolle brasilianische Top-DJs<\/h5>\n<\/li>\n<li>\n<h5>Zumba-Show, Tanzkurs, uvm. \u2026<\/h5>\n<\/li>\n<\/ul>\n<p>* Diese Acts sind als Beispiele zu sehen \u2013 die Zusammenstellung des Programms variiert und kann gem\u00e4\u00df den W\u00fcnschen zusammengestellt werden!<\/p>\n<p>Das erfahrene Eventteam von Arco Latino kann sich um Teilbereiche Ihrer Veranstaltung k\u00fcmmern oder auch die Gesamtabwicklung und Koordination Ihres Events \u00fcbernehmen.<\/p>\n<p>Beginnend von der Einladungsgestaltung, Location-Suche \u00fcber brasilianisches Catering mit Spezialit\u00e4ten und Cocktails, Organisation der Live- und Music-Acts bis hin zur Organisation von passender Deko und speziellen Give-aways ist alles m\u00f6glich.<\/p>\n<p>Ein Spektakel der Extraklasse das Ihren Partner, Kunden, Mitarbeitern mit Gewissheit lange in Erinnerung bleibt und zugleich mit dem Erl\u00f6s einen Beitrag f\u00fcr die \u00c4rmsten Brasiliens leistet.<\/p>\n<\/div><\/section>\n","protected":false},"excerpt":{"rendered":"","protected":false},"author":1,"featured_media":0,"parent":0,"menu_order":0,"comment_status":"open","ping_status":"closed","template":"","meta":{"footnotes":""},"class_list":["post-423","page","type-page","status-publish","hentry"],"yoast_head":"<!-- This site is optimized with the Yoast SEO plugin v26.3 - https:\/\/yoast.com\/wordpress\/plugins\/seo\/ -->\n<title>Festa do Brasil - Festa do Brasil &amp; Arco Latino<\/title>\n<meta name=\"robots\" content=\"index, follow, max-snippet:-1, max-image-preview:large, max-video-preview:-1\" \/>\n<link rel=\"canonical\" href=\"https:\/\/festadobrasil.at\/?page_id=423\" \/>\n<meta property=\"og:locale\" content=\"de_DE\" \/>\n<meta property=\"og:type\" content=\"article\" \/>\n<meta property=\"og:title\" content=\"Festa do Brasil - Festa do Brasil &amp; Arco Latino\" \/>\n<meta property=\"og:url\" content=\"https:\/\/festadobrasil.at\/?page_id=423\" \/>\n<meta property=\"og:site_name\" content=\"Festa do Brasil &amp; Arco Latino\" \/>\n<meta property=\"article:modified_time\" content=\"2022-11-25T13:14:10+00:00\" \/>\n<meta name=\"twitter:card\" content=\"summary_large_image\" \/>\n<meta name=\"twitter:label1\" content=\"Gesch\u00e4tzte Lesezeit\" \/>\n\t<meta name=\"twitter:data1\" content=\"3\u00a0Minuten\" \/>\n<script type=\"application\/ld+json\" class=\"yoast-schema-graph\">{\"@context\":\"https:\/\/schema.org\",\"@graph\":[{\"@type\":\"WebPage\",\"@id\":\"https:\/\/festadobrasil.at\/?page_id=423\",\"url\":\"https:\/\/festadobrasil.at\/?page_id=423\",\"name\":\"Festa do Brasil - Festa do Brasil &amp; Arco Latino\",\"isPartOf\":{\"@id\":\"https:\/\/festadobrasil.at\/#website\"},\"datePublished\":\"2022-07-03T19:33:42+00:00\",\"dateModified\":\"2022-11-25T13:14:10+00:00\",\"breadcrumb\":{\"@id\":\"https:\/\/festadobrasil.at\/?page_id=423#breadcrumb\"},\"inLanguage\":\"de\",\"potentialAction\":[{\"@type\":\"ReadAction\",\"target\":[\"https:\/\/festadobrasil.at\/?page_id=423\"]}]},{\"@type\":\"BreadcrumbList\",\"@id\":\"https:\/\/festadobrasil.at\/?page_id=423#breadcrumb\",\"itemListElement\":[{\"@type\":\"ListItem\",\"position\":1,\"name\":\"Startseite\",\"item\":\"https:\/\/festadobrasil.at\/?page_id=558\"},{\"@type\":\"ListItem\",\"position\":2,\"name\":\"Festa do Brasil\"}]},{\"@type\":\"WebSite\",\"@id\":\"https:\/\/festadobrasil.at\/#website\",\"url\":\"https:\/\/festadobrasil.at\/\",\"name\":\"Festa do Brasil &amp; Arco Latino\",\"description\":\"Das Fest und der Verein\",\"potentialAction\":[{\"@type\":\"SearchAction\",\"target\":{\"@type\":\"EntryPoint\",\"urlTemplate\":\"https:\/\/festadobrasil.at\/?s={search_term_string}\"},\"query-input\":{\"@type\":\"PropertyValueSpecification\",\"valueRequired\":true,\"valueName\":\"search_term_string\"}}],\"inLanguage\":\"de\"}]}<\/script>\n<!-- \/ Yoast SEO plugin. -->","yoast_head_json":{"title":"Festa do Brasil - Festa do Brasil &amp; Arco Latino","robots":{"index":"index","follow":"follow","max-snippet":"max-snippet:-1","max-image-preview":"max-image-preview:large","max-video-preview":"max-video-preview:-1"},"canonical":"https:\/\/festadobrasil.at\/?page_id=423","og_locale":"de_DE","og_type":"article","og_title":"Festa do Brasil - Festa do Brasil &amp; Arco Latino","og_url":"https:\/\/festadobrasil.at\/?page_id=423","og_site_name":"Festa do Brasil &amp; Arco Latino","article_modified_time":"2022-11-25T13:14:10+00:00","twitter_card":"summary_large_image","twitter_misc":{"Gesch\u00e4tzte Lesezeit":"3\u00a0Minuten"},"schema":{"@context":"https:\/\/schema.org","@graph":[{"@type":"WebPage","@id":"https:\/\/festadobrasil.at\/?page_id=423","url":"https:\/\/festadobrasil.at\/?page_id=423","name":"Festa do Brasil - Festa do Brasil &amp; Arco Latino","isPartOf":{"@id":"https:\/\/festadobrasil.at\/#website"},"datePublished":"2022-07-03T19:33:42+00:00","dateModified":"2022-11-25T13:14:10+00:00","breadcrumb":{"@id":"https:\/\/festadobrasil.at\/?page_id=423#breadcrumb"},"inLanguage":"de","potentialAction":[{"@type":"ReadAction","target":["https:\/\/festadobrasil.at\/?page_id=423"]}]},{"@type":"BreadcrumbList","@id":"https:\/\/festadobrasil.at\/?page_id=423#breadcrumb","itemListElement":[{"@type":"ListItem","position":1,"name":"Startseite","item":"https:\/\/festadobrasil.at\/?page_id=558"},{"@type":"ListItem","position":2,"name":"Festa do Brasil"}]},{"@type":"WebSite","@id":"https:\/\/festadobrasil.at\/#website","url":"https:\/\/festadobrasil.at\/","name":"Festa do Brasil &amp; Arco Latino","description":"Das Fest und der Verein","potentialAction":[{"@type":"SearchAction","target":{"@type":"EntryPoint","urlTemplate":"https:\/\/festadobrasil.at\/?s={search_term_string}"},"query-input":{"@type":"PropertyValueSpecification","valueRequired":true,"valueName":"search_term_string"}}],"inLanguage":"de"}]}},"_links":{"self":[{"href":"https:\/\/festadobrasil.at\/index.php?rest_route=\/wp\/v2\/pages\/423","targetHints":{"allow":["GET"]}}],"collection":[{"href":"https:\/\/festadobrasil.at\/index.php?rest_route=\/wp\/v2\/pages"}],"about":[{"href":"https:\/\/festadobrasil.at\/index.php?rest_route=\/wp\/v2\/types\/page"}],"author":[{"embeddable":true,"href":"https:\/\/festadobrasil.at\/index.php?rest_route=\/wp\/v2\/users\/1"}],"replies":[{"embeddable":true,"href":"https:\/\/festadobrasil.at\/index.php?rest_route=%2Fwp%2Fv2%2Fcomments&post=423"}],"version-history":[{"count":32,"href":"https:\/\/festadobrasil.at\/index.php?rest_route=\/wp\/v2\/pages\/423\/revisions"}],"predecessor-version":[{"id":774,"href":"https:\/\/festadobrasil.at\/index.php?rest_route=\/wp\/v2\/pages\/423\/revisions\/774"}],"wp:attachment":[{"href":"https:\/\/festadobrasil.at\/index.php?rest_route=%2Fwp%2Fv2%2Fmedia&parent=423"}],"curies":[{"name":"wp","href":"https:\/\/api.w.org\/{rel}","templated":true}]}}